{"id":2660,"date":"2025-02-15T06:24:13","date_gmt":"2025-02-15T06:24:13","guid":{"rendered":"https:\/\/equita-horsetrucks.com\/?page_id=2660"},"modified":"2026-04-24T09:09:09","modified_gmt":"2026-04-24T09:09:09","slug":"fahrzeugdetails","status":"publish","type":"page","link":"https:\/\/equita-horsetrucks.com\/fr\/fahrzeuge\/fahrzeugdetails\/","title":{"rendered":"Fahrzeugdetails"},"content":{"rendered":"<p><!-- FRM-VIEW 2620 state=\"GYoBV7YMyzNvvxjNRZiNhf25C6aIlZ6giIb+AJPACoObvT097YtIThL6JGcVIDQpj\/hKlBoNN7eOjv3Ytm9In0CrgwoJDTugyVmkeOCb1uVnmZOMLigFcjr0T\/2Bos20fooYSBIMkLMdn3i6Wcz\/MFxo2VhOXUgnLQ4XDiaZkpU=\" refresh=\"1\" --><\/p>\n<h2>Notre site\u00a0<span class=\"themecolor\">Transporteurs et remorques.<\/span><\/h2>\n<hr class=\"no_line\" style=\"margin: 0 auto 10px auto\"\/>\n\n<p>Vous trouverez ici nos v\u00e9hicules - qu'il s'agisse d'un v\u00e9hicule neuf ou d'occasion, ou d'une voiture de d\u00e9monstration - nous avons certainement la bonne solution de transport pour vos compagnons \u00e0 quatre pattes. Nous nous ferons \u00e9galement un plaisir de vous conseiller personnellement.<\/p>\n<h2><div class=\"frm_forms  with_frm_style frm_style_formidable-stil\" id=\"frm_form_5_container\" data-token=\"d9f6436c4c1aec85c3a0e734ba8703a4\">\n<form enctype=\"multipart\/form-data\" method=\"post\" class=\"frm-show-form  frm_ajax_submit  frm_pro_form\" id=\"form_supervisors\" data-token=\"d9f6436c4c1aec85c3a0e734ba8703a4\" action=\"\">\n<div class=\"frm_form_fields\">\n<fieldset>\n<legend class=\"frm_screen_reader\"> Forme des donn\u00e9es du filtre<\/legend>\r\n\r\n<div class=\"frm_fields_container\">\n<input type=\"hidden\" name=\"frm_action\" value=\"create\" \/>\n<input type=\"hidden\" name=\"form_id\" value=\"5\" \/>\n<input type=\"hidden\" name=\"frm_hide_fields_5\" id=\"frm_hide_fields_5\" value=\"\" \/>\n<input type=\"hidden\" name=\"form_key\" value=\"supervisors\" \/>\n<input type=\"hidden\" name=\"item_meta[0]\" value=\"\" \/>\n<input type=\"hidden\" id=\"frm_submit_entry_5\" name=\"frm_submit_entry_5\" value=\"d9fff11326\" \/><input type=\"hidden\" name=\"_wp_http_referer\" value=\"\/fr\/wp-json\/wp\/v2\/pages\/2660\" \/><div id=\"frm_field_56_container\" class=\"frm_form_field form-field  frm_top_container frm4 frm_first\">\r\n\t<label for=\"field_n19bz\" id=\"field_n19bz_label\" class=\"frm_primary_label\">\u00c9tat\r\n\t\t<span class=\"frm_required\" aria-hidden=\"true\"><\/span>\r\n\t<\/label>\r\n\t\t\t<select  name=\"item_meta[56]\" id=\"field_n19bz\"  data-placeholder=\"bitte w\u00e4hlen\"  placeholder=\"bitte w\u00e4hlen\" data-invmsg=\"Zustand est non valide\" aria-invalid=\"false\"  >\n\t\t\t\t\t\t\t<option  value=\"\" class=\"frm-select-placeholder\">\n\t\t\t\t\tchoisir svp\t\t\t\t<\/option>\n\t\t\t\t\t\t\t\t<option  value=\"Gebrauchtfahrzeug\">\n\t\t\t\t\tV\u00e9hicule d'occasion\t\t\t\t<\/option>\n\t\t\t\t\t\t\t\t<option  value=\"Neufahrzeug\">\n\t\t\t\t\tV\u00e9hicule neuf\t\t\t\t<\/option>\n\t\t\t\t\t\t\t\t<option  value=\"Vorf\u00fchrwagen\">\n\t\t\t\t\tV\u00e9hicule de d\u00e9monstration\t\t\t\t<\/option>\n\t\t\t\t\t\t<\/select>\n\t\t\r\n\t\r\n\t\r\n<\/div>\n<div id=\"frm_field_57_container\" class=\"frm_form_field form-field  frm_top_container frm4\">\r\n\t<label for=\"field_84rkp\" id=\"field_84rkp_label\" class=\"frm_primary_label\">Premi\u00e8re immatriculation\r\n\t\t<span class=\"frm_required\" aria-hidden=\"true\"><\/span>\r\n\t<\/label>\r\n\t\t\t<select  name=\"item_meta[57]\" id=\"field_84rkp\"  data-placeholder=\"bitte w\u00e4hlen\"  placeholder=\"bitte w\u00e4hlen\" data-invmsg=\"Erstzulassung est non valide\" aria-invalid=\"false\"  >\n\t\t\t\t\t\t\t<option  value=\"\" class=\"frm-select-placeholder\">\n\t\t\t\t\tchoisir svp\t\t\t\t<\/option>\n\t\t\t\t\t\t\t\t<option  value=\"01\/2025\">\n\t\t\t\t\t01\/2025\t\t\t\t<\/option>\n\t\t\t\t\t\t\t\t<option  value=\"01\/2026\">\n\t\t\t\t\t01\/2026\t\t\t\t<\/option>\n\t\t\t\t\t\t\t\t<option  value=\"03\/2025\">\n\t\t\t\t\t03\/2025\t\t\t\t<\/option>\n\t\t\t\t\t\t\t\t<option  value=\"05\/2010\">\n\t\t\t\t\t05\/2010\t\t\t\t<\/option>\n\t\t\t\t\t\t\t\t<option  value=\"09.05.2018\">\n\t\t\t\t\t09.05.2018\t\t\t\t<\/option>\n\t\t\t\t\t\t\t\t<option  value=\"11\/2021\">\n\t\t\t\t\t11\/2021\t\t\t\t<\/option>\n\t\t\t\t\t\t\t\t<option  value=\"12\/2024\">\n\t\t\t\t\t12\/2024\t\t\t\t<\/option>\n\t\t\t\t\t\t\t\t<option  value=\"12.04.2024\">\n\t\t\t\t\t12.04.2024\t\t\t\t<\/option>\n\t\t\t\t\t\t\t\t<option  value=\"21.06.2017\">\n\t\t\t\t\t21.06.2017\t\t\t\t<\/option>\n\t\t\t\t\t\t\t\t<option  value=\"23.04.2025\">\n\t\t\t\t\t23.04.2025\t\t\t\t<\/option>\n\t\t\t\t\t\t\t\t<option  value=\"2023\">\n\t\t\t\t\t2023\t\t\t\t<\/option>\n\t\t\t\t\t\t\t\t<option  value=\"2026\">\n\t\t\t\t\t2026\t\t\t\t<\/option>\n\t\t\t\t\t\t\t\t<option  value=\"NEUFAHRZEUG\">\n\t\t\t\t\tV\u00c9HICULE NEUF\t\t\t\t<\/option>\n\t\t\t\t\t\t<\/select>\n\t\t\r\n\t\r\n\t\r\n<\/div>\n<div id=\"frm_field_58_container\" class=\"frm_form_field form-field  frm_top_container frm4\">\r\n\t<label for=\"field_q29v\" id=\"field_q29v_label\" class=\"frm_primary_label\">Places assises\r\n\t\t<span class=\"frm_required\" aria-hidden=\"true\"><\/span>\r\n\t<\/label>\r\n\t\t\t<select  name=\"item_meta[58]\" id=\"field_q29v\"  data-placeholder=\"bitte w\u00e4hlen\"  placeholder=\"bitte w\u00e4hlen\" data-invmsg=\"Sitzpl\u00e4tze est non valide\" aria-invalid=\"false\"  >\n\t\t\t\t\t\t\t<option  value=\"\" class=\"frm-select-placeholder\">\n\t\t\t\t\tchoisir svp\t\t\t\t<\/option>\n\t\t\t\t\t\t\t\t<option  value=\"2\">\n\t\t\t\t\t2\t\t\t\t<\/option>\n\t\t\t\t\t\t\t\t<option  value=\"3\">\n\t\t\t\t\t3\t\t\t\t<\/option>\n\t\t\t\t\t\t\t\t<option  value=\"5\">\n\t\t\t\t\t5\t\t\t\t<\/option>\n\t\t\t\t\t\t<\/select>\n\t\t\r\n\t\r\n\t\r\n<\/div>\n<div id=\"frm_field_30_container\" class=\"frm_form_field form-field\">\r\n\t<div class=\"frm_submit\">\r\n\r\n<button class=\"frm_button_submit frm_final_submit\" type=\"submit\" >Limiter la s\u00e9lection<\/button>\r\n\r\n\r\n<\/div>\r\n<\/div>\n\t<input type=\"hidden\" name=\"item_key\" value=\"\" \/>\n\t\t\t\t<div class=\"frm__67aef6a15c0fd\">\n\t\t\t\t<label for=\"frm_email_5\" >\n\t\t\t\t\tSi vous \u00eates un humain, ne remplissez pas ce champ.\t\t\t\t<\/label>\n\t\t\t\t<input  id=\"frm_email_5\" type=\"text\" class=\"frm_verify\" name=\"frm__67aef6a15c0fd\" value=\"\" autocomplete=\"off\"  \/>\n\t\t\t<\/div>\n\t\t<input name=\"frm_state\" type=\"hidden\" value=\"+5CTUHcyDy8ZXlmSvvuSGn5UioXUgNloqHO5soga3VuKUIdyMSZaURWcBK0blBdCuEArGwbYKtHIgnC1goUUUA==\" \/><\/div>\n<\/fieldset>\n<\/div>\n\n<input type=\"hidden\" name=\"trp-form-language\" value=\"fr\"\/><\/form>\n<\/div>\n<\/h2>\n<div style=\"text-align: left; font-size: 11px;\">14 Fahrzeuge<\/div>\n<div style=\"text-align: right; font-size: 11px;\">EZ = premi\u00e8re immatriculation<\/div>\n<div class=\"frm_grid_container with_frm_style frm-grid-view frm_no_grid_750\" style=\"--v-tl-background-color: #ffffff;--v-tl-grid-column:span 3\/span 3;grid-gap: 20px 2%;\">\n<div>\n<div class=\"frm_grid_container\">\n<div class=\"frm12\"><a href=\"https:\/\/equita-horsetrucks.com\/fr\/fahrzeuge\/fahrzeugdetails\/fahrzeugdetails\/767\" class=\"frm-detail-link\"><img decoding=\"async\" src=\"https:\/\/equita-horsetrucks.com\/wp-content\/uploads\/formidable\/4\/IMG_6721-300x225.jpeg\" \/><\/a> <strong>v\u00e9hicule :<\/strong> RESERVIERT , BLOOMFIELDS SL, RENAULT MASTER <br \/><strong>CI :<\/strong> 09.05.2018 <br \/><em><em>V\u00e9hicule d'occasion<br \/>\n<\/em><\/em><\/p>\n<div class=\"preis\">42.000,00\u20ac<\/div>\n<div class=\"preisanmerkung\" style=\"min-height:36px\">TVA en sus<\/div>\n<a class=\"button  button_size_2\" href=\"https:\/\/equita-horsetrucks.com\/fr\/fahrzeuge\/fahrzeugdetails\/fahrzeugdetails\/767\"         title=\"\"><span class=\"button_label\">Voir les d\u00e9tails<\/span><\/a>\n<\/div>\n<\/div>\n<\/div>\n<div>\n<div class=\"frm_grid_container\">\n<div class=\"frm12\"><a href=\"https:\/\/equita-horsetrucks.com\/fr\/fahrzeuge\/fahrzeugdetails\/fahrzeugdetails\/701\" class=\"frm-detail-link\"><img decoding=\"async\" src=\"https:\/\/equita-horsetrucks.com\/wp-content\/uploads\/formidable\/4\/IMG_6201-300x225.jpeg\" \/><\/a> <strong>v\u00e9hicule :<\/strong> EQUITREK, Peugeot 158 Ps, 05\/2010 <br \/><strong>CI :<\/strong> 05\/2010 <br \/><em><em>V\u00e9hicule d'occasion<br \/>\n<\/em><\/em><\/p>\n<div class=\"preis\">18.000,00\u20ac<\/div>\n<div class=\"preisanmerkung\" style=\"min-height:36px\">Differenzbesteuert<\/div>\n<a class=\"button  button_size_2\" href=\"https:\/\/equita-horsetrucks.com\/fr\/fahrzeuge\/fahrzeugdetails\/fahrzeugdetails\/701\"         title=\"\"><span class=\"button_label\">Voir les d\u00e9tails<\/span><\/a>\n<\/div>\n<\/div>\n<\/div>\n<div>\n<div class=\"frm_grid_container\">\n<div class=\"frm12\"><a href=\"https:\/\/equita-horsetrucks.com\/fr\/fahrzeuge\/fahrzeugdetails\/fahrzeugdetails\/670\" class=\"frm-detail-link\"><img decoding=\"async\" src=\"https:\/\/equita-horsetrucks.com\/wp-content\/uploads\/formidable\/4\/IMG_6525-300x225.jpeg\" \/><\/a> <strong>v\u00e9hicule :<\/strong> EQUITA Renault Master 165 Ps, 3-SITZER , HENGSTAUFBAU <br \/><strong>CI :<\/strong> 03\/2025 <br \/><em><em>V\u00e9hicule d'occasion<br \/>\n<\/em><\/em><\/p>\n<div class=\"preis\">58.000,00\u20ac<\/div>\n<div class=\"preisanmerkung\" style=\"min-height:36px\">TVA en sus<\/div>\n<a class=\"button  button_size_2\" href=\"https:\/\/equita-horsetrucks.com\/fr\/fahrzeuge\/fahrzeugdetails\/fahrzeugdetails\/670\"         title=\"\"><span class=\"button_label\">Voir les d\u00e9tails<\/span><\/a>\n<\/div>\n<\/div>\n<\/div>\n<div>\n<div class=\"frm_grid_container\">\n<div class=\"frm12\"><a href=\"https:\/\/equita-horsetrucks.com\/fr\/fahrzeuge\/fahrzeugdetails\/fahrzeugdetails\/669\" class=\"frm-detail-link\"><img decoding=\"async\" src=\"https:\/\/equita-horsetrucks.com\/wp-content\/uploads\/formidable\/4\/IMG_6439-300x225.jpeg\" \/><\/a> <strong>v\u00e9hicule :<\/strong> RENAULT MASTER , LAMAR 2 HORSES <br \/><strong>CI :<\/strong> 2023 <br \/><em><em>V\u00e9hicule d'occasion<br \/>\n<\/em><\/em><\/p>\n<div class=\"preis\">43.000,00\u20ac<\/div>\n<div class=\"preisanmerkung\" style=\"min-height:36px\">TVA en sus<\/div>\n<a class=\"button  button_size_2\" href=\"https:\/\/equita-horsetrucks.com\/fr\/fahrzeuge\/fahrzeugdetails\/fahrzeugdetails\/669\"         title=\"\"><span class=\"button_label\">Voir les d\u00e9tails<\/span><\/a>\n<\/div>\n<\/div>\n<\/div>\n<div>\n<div class=\"frm_grid_container\">\n<div class=\"frm12\"><a href=\"https:\/\/equita-horsetrucks.com\/fr\/fahrzeuge\/fahrzeugdetails\/fahrzeugdetails\/656\" class=\"frm-detail-link\"><img decoding=\"async\" src=\"https:\/\/equita-horsetrucks.com\/wp-content\/uploads\/formidable\/4\/7a6f8961-e4ca-4d35-86bb-039b793d30fa-300x225.jpg\" \/><\/a> <strong>v\u00e9hicule :<\/strong> ROELOFSEN PARADOS SPORT &#8211; RENAULT MASTER 165PS <br \/><strong>CI :<\/strong> 21.06.2017 <br \/><em><em>V\u00e9hicule d'occasion<br \/>\n<\/em><\/em><\/p>\n<div class=\"preis\">45.000,00\u20ac<\/div>\n<div class=\"preisanmerkung\" style=\"min-height:36px\">TVA en sus<\/div>\n<a class=\"button  button_size_2\" href=\"https:\/\/equita-horsetrucks.com\/fr\/fahrzeuge\/fahrzeugdetails\/fahrzeugdetails\/656\"         title=\"\"><span class=\"button_label\">Voir les d\u00e9tails<\/span><\/a>\n<\/div>\n<\/div>\n<\/div>\n<div>\n<div class=\"frm_grid_container\">\n<div class=\"frm12\"><a href=\"https:\/\/equita-horsetrucks.com\/fr\/fahrzeuge\/fahrzeugdetails\/fahrzeugdetails\/536\" class=\"frm-detail-link\"><img decoding=\"async\" src=\"https:\/\/equita-horsetrucks.com\/wp-content\/uploads\/formidable\/4\/IMG_5559-300x225.jpeg\" \/><\/a> <strong>v\u00e9hicule :<\/strong> Renault Master Roelofsen Parados <br \/><strong>CI :<\/strong> 11\/2021 <br \/><em><em>V\u00e9hicule d'occasion<br \/>\n<\/em><\/em><\/p>\n<div class=\"preis\">61.000,00\u20ac<\/div>\n<div class=\"preisanmerkung\" style=\"min-height:36px\">TVA en sus<\/div>\n<a class=\"button  button_size_2\" href=\"https:\/\/equita-horsetrucks.com\/fr\/fahrzeuge\/fahrzeugdetails\/fahrzeugdetails\/536\"         title=\"\"><span class=\"button_label\">Voir les d\u00e9tails<\/span><\/a>\n<\/div>\n<\/div>\n<\/div>\n<div>\n<div class=\"frm_grid_container\">\n<div class=\"frm12\"><a href=\"https:\/\/equita-horsetrucks.com\/fr\/fahrzeuge\/fahrzeugdetails\/fahrzeugdetails\/508\" class=\"frm-detail-link\"><img decoding=\"async\" src=\"https:\/\/equita-horsetrucks.com\/wp-content\/uploads\/formidable\/4\/c4f2b8ae-a10c-4aba-b9b3-64e0cf677ed9-300x225.jpg\" \/><\/a> <strong>v\u00e9hicule :<\/strong> EQUITA Renault Master 165 Ps, 5-SI\u00c8GES , HENGSTAUFBAU <br \/><strong>CI :<\/strong> 2026 <br \/><em><em>V\u00e9hicule neuf<br \/>\n<\/em><\/em><\/p>\n<div class=\"preis\">73.500,00\u20ac<\/div>\n<div class=\"preisanmerkung\" style=\"min-height:36px\">TVA en sus<\/div>\n<a class=\"button  button_size_2\" href=\"https:\/\/equita-horsetrucks.com\/fr\/fahrzeuge\/fahrzeugdetails\/fahrzeugdetails\/508\"         title=\"\"><span class=\"button_label\">Voir les d\u00e9tails<\/span><\/a>\n<\/div>\n<\/div>\n<\/div>\n<div>\n<div class=\"frm_grid_container\">\n<div class=\"frm12\"><a href=\"https:\/\/equita-horsetrucks.com\/fr\/fahrzeuge\/fahrzeugdetails\/fahrzeugdetails\/504\" class=\"frm-detail-link\"><img decoding=\"async\" src=\"https:\/\/equita-horsetrucks.com\/wp-content\/uploads\/formidable\/4\/dc303392-8bf4-446c-8ea2-4a76277b364a-300x225.jpg\" \/><\/a> <strong>v\u00e9hicule :<\/strong> EQUITA NEW Renault Master 170 Ps <br \/><strong>CI :<\/strong> V\u00c9HICULE NEUF <br \/><em><em>V\u00e9hicule neuf<br \/>\n<\/em><\/em><\/p>\n<div class=\"preis\">73.400,00\u20ac<\/div>\n<div class=\"preisanmerkung\" style=\"min-height:36px\">TVA en sus<\/div>\n<a class=\"button  button_size_2\" href=\"https:\/\/equita-horsetrucks.com\/fr\/fahrzeuge\/fahrzeugdetails\/fahrzeugdetails\/504\"         title=\"\"><span class=\"button_label\">Voir les d\u00e9tails<\/span><\/a>\n<\/div>\n<\/div>\n<\/div>\n<div>\n<div class=\"frm_grid_container\">\n<div class=\"frm12\"><a href=\"https:\/\/equita-horsetrucks.com\/fr\/fahrzeuge\/fahrzeugdetails\/fahrzeugdetails\/503\" class=\"frm-detail-link\"><img decoding=\"async\" src=\"https:\/\/equita-horsetrucks.com\/wp-content\/uploads\/formidable\/4\/17ed283f-10d3-4fd8-b042-9444d5257dce-300x225.jpg\" \/><\/a> <strong>v\u00e9hicule :<\/strong> E&amp;K RENAULT MASTER 165 PS <br \/><strong>CI :<\/strong> V\u00c9HICULE NEUF <br \/><em><em>V\u00e9hicule de d\u00e9monstration<br \/>\n<\/em><\/em><\/p>\n<div class=\"preis\">59.500,00\u20ac<\/div>\n<div class=\"preisanmerkung\" style=\"min-height:36px\">TVA en sus<\/div>\n<a class=\"button  button_size_2\" href=\"https:\/\/equita-horsetrucks.com\/fr\/fahrzeuge\/fahrzeugdetails\/fahrzeugdetails\/503\"         title=\"\"><span class=\"button_label\">Voir les d\u00e9tails<\/span><\/a>\n<\/div>\n<\/div>\n<\/div>\n<div>\n<div class=\"frm_grid_container\">\n<div class=\"frm12\"><a href=\"https:\/\/equita-horsetrucks.com\/fr\/fahrzeuge\/fahrzeugdetails\/fahrzeugdetails\/278\" class=\"frm-detail-link\"><img decoding=\"async\" src=\"https:\/\/equita-horsetrucks.com\/wp-content\/uploads\/formidable\/4\/IMG_2129-1-300x225.jpg\" \/><\/a> <strong>v\u00e9hicule :<\/strong> EQUITA Renault Master 165 Ps, 5-SI\u00c8GES , HENGSTAUFBAU <br \/><strong>CI :<\/strong> 12.04.2024 <br \/><em><em>V\u00e9hicule d'occasion<br \/>\n<\/em><\/em><\/p>\n<div class=\"preis\">55.000,00\u20ac<\/div>\n<div class=\"preisanmerkung\" style=\"min-height:36px\">TVA en sus<\/div>\n<a class=\"button  button_size_2\" href=\"https:\/\/equita-horsetrucks.com\/fr\/fahrzeuge\/fahrzeugdetails\/fahrzeugdetails\/278\"         title=\"\"><span class=\"button_label\">Voir les d\u00e9tails<\/span><\/a>\n<\/div>\n<\/div>\n<\/div>\n<div>\n<div class=\"frm_grid_container\">\n<div class=\"frm12\"><a href=\"https:\/\/equita-horsetrucks.com\/fr\/fahrzeuge\/fahrzeugdetails\/fahrzeugdetails\/119\" class=\"frm-detail-link\"><img decoding=\"async\" src=\"https:\/\/equita-horsetrucks.com\/wp-content\/uploads\/formidable\/4\/82eeb9da-34ac-4967-b79d-13fe5585bb85-300x226.jpg\" \/><\/a> <strong>v\u00e9hicule :<\/strong> Renault Master E&amp;K <br \/><strong>CI :<\/strong> 23.04.2025 <br \/><em><em>V\u00e9hicule de d\u00e9monstration<br \/>\n<\/em><\/em><\/p>\n<div class=\"preis\">57.000,00\u20ac<\/div>\n<div class=\"preisanmerkung\" style=\"min-height:36px\">TVA en sus<\/div>\n<a class=\"button  button_size_2\" href=\"https:\/\/equita-horsetrucks.com\/fr\/fahrzeuge\/fahrzeugdetails\/fahrzeugdetails\/119\"         title=\"\"><span class=\"button_label\">Voir les d\u00e9tails<\/span><\/a>\n<\/div>\n<\/div>\n<\/div>\n<div>\n<div class=\"frm_grid_container\">\n<div class=\"frm12\"><a href=\"https:\/\/equita-horsetrucks.com\/fr\/fahrzeuge\/fahrzeugdetails\/fahrzeugdetails\/54\" class=\"frm-detail-link\"><img decoding=\"async\" src=\"https:\/\/equita-horsetrucks.com\/wp-content\/uploads\/formidable\/4\/IMG_0769-300x225.jpg\" \/><\/a> <strong>v\u00e9hicule :<\/strong> EQUITA Renault Master 165 Ps <br \/><strong>CI :<\/strong> V\u00c9HICULE NEUF <br \/><em><em>V\u00e9hicule neuf<br \/>\n<\/em><\/em><\/p>\n<div class=\"preis\">69.500,00\u20ac<\/div>\n<div class=\"preisanmerkung\" style=\"min-height:36px\">TVA en sus<\/div>\n<a class=\"button  button_size_2\" href=\"https:\/\/equita-horsetrucks.com\/fr\/fahrzeuge\/fahrzeugdetails\/fahrzeugdetails\/54\"         title=\"\"><span class=\"button_label\">Voir les d\u00e9tails<\/span><\/a>\n<\/div>\n<\/div>\n<\/div>\n<div>\n<div class=\"frm_grid_container\">\n<div class=\"frm12\"><a href=\"https:\/\/equita-horsetrucks.com\/fr\/fahrzeuge\/fahrzeugdetails\/fahrzeugdetails\/15\" class=\"frm-detail-link\"><img decoding=\"async\" src=\"https:\/\/equita-horsetrucks.com\/wp-content\/uploads\/formidable\/4\/12-300x225.jpg\" \/><\/a> <strong>v\u00e9hicule :<\/strong> EQUITA Renault Master 165 Ps, 5-SI\u00c8CES , <br \/><strong>CI :<\/strong> 01\/2025 <br \/><em><em>V\u00e9hicule d'occasion<br \/>\n<\/em><\/em><\/p>\n<div class=\"preis\">58.000,00\u20ac<\/div>\n<div class=\"preisanmerkung\" style=\"min-height:36px\">TVA en sus<\/div>\n<a class=\"button  button_size_2\" href=\"https:\/\/equita-horsetrucks.com\/fr\/fahrzeuge\/fahrzeugdetails\/fahrzeugdetails\/15\"         title=\"\"><span class=\"button_label\">Voir les d\u00e9tails<\/span><\/a>\n<\/div>\n<\/div>\n<\/div>\n<div>\n<div class=\"frm_grid_container\">\n<div class=\"frm12\"><a href=\"https:\/\/equita-horsetrucks.com\/fr\/fahrzeuge\/fahrzeugdetails\/fahrzeugdetails\/14\" class=\"frm-detail-link\"><img decoding=\"async\" src=\"https:\/\/equita-horsetrucks.com\/wp-content\/uploads\/formidable\/4\/Renault-Master-Equita-0750-300x225.jpg\" \/><\/a> <strong>v\u00e9hicule :<\/strong> Renault Master Equita <br \/><strong>CI :<\/strong> 12\/2024 <br \/><em><em>V\u00e9hicule d'occasion<br \/>\n<\/em><\/em><\/p>\n<div class=\"preis\">59.000,00\u20ac<\/div>\n<div class=\"preisanmerkung\" style=\"min-height:36px\">TVA en sus<\/div>\n<a class=\"button  button_size_2\" href=\"https:\/\/equita-horsetrucks.com\/fr\/fahrzeuge\/fahrzeugdetails\/fahrzeugdetails\/14\"         title=\"\"><span class=\"button_label\">Voir les d\u00e9tails<\/span><\/a>\n<\/div>\n<\/div>\n<\/div>\n<\/div>\n<div class=\"frm_pagination_cont frm_hidden\"><\/div>","protected":false},"excerpt":{"rendered":"","protected":false},"author":1,"featured_media":0,"parent":2621,"menu_order":0,"comment_status":"closed","ping_status":"closed","template":"","meta":{"footnotes":""},"class_list":["post-2660","page","type-page","status-publish","hentry"],"_links":{"self":[{"href":"https:\/\/equita-horsetrucks.com\/fr\/wp-json\/wp\/v2\/pages\/2660","targetHints":{"allow":["GET"]}}],"collection":[{"href":"https:\/\/equita-horsetrucks.com\/fr\/wp-json\/wp\/v2\/pages"}],"about":[{"href":"https:\/\/equita-horsetrucks.com\/fr\/wp-json\/wp\/v2\/types\/page"}],"author":[{"embeddable":true,"href":"https:\/\/equita-horsetrucks.com\/fr\/wp-json\/wp\/v2\/users\/1"}],"replies":[{"embeddable":true,"href":"https:\/\/equita-horsetrucks.com\/fr\/wp-json\/wp\/v2\/comments?post=2660"}],"version-history":[{"count":4,"href":"https:\/\/equita-horsetrucks.com\/fr\/wp-json\/wp\/v2\/pages\/2660\/revisions"}],"predecessor-version":[{"id":3200,"href":"https:\/\/equita-horsetrucks.com\/fr\/wp-json\/wp\/v2\/pages\/2660\/revisions\/3200"}],"up":[{"embeddable":true,"href":"https:\/\/equita-horsetrucks.com\/fr\/wp-json\/wp\/v2\/pages\/2621"}],"wp:attachment":[{"href":"https:\/\/equita-horsetrucks.com\/fr\/wp-json\/wp\/v2\/media?parent=2660"}],"curies":[{"name":"wp","href":"https:\/\/api.w.org\/{rel}","templated":true}]}}