{"id":2826,"date":"2025-02-27T19:04:51","date_gmt":"2025-02-27T18:04:51","guid":{"rendered":"https:\/\/equita-horsetrucks.com\/?page_id=2826"},"modified":"2025-02-27T19:28:19","modified_gmt":"2025-02-27T18:28:19","slug":"impressum","status":"publish","type":"page","link":"https:\/\/equita-horsetrucks.com\/fr\/impressum\/","title":{"rendered":"Mentions l\u00e9gales"},"content":{"rendered":"<p>equita-horsetrucks.com une offre de :<\/p>\n\n\n\n<p>Inter Central Pneu SARL<br>6 Autour de Mierscherbierg<br>L-7526 Mersch<\/p>\n\n\n\n<p>Registre du commerce : B95719<br>Tribunal charg\u00e9 de la tenue du registre : [nom du tribunal charg\u00e9 de la tenue du registre].\n\n\n\n<p><strong>Repr\u00e9sent\u00e9 par :<\/strong><br>Lanners Eric<\/p>\n\n\n\n<h2 class=\"wp-block-heading\">Contact<\/h2>\n\n\n\n<p>T\u00e9l\u00e9phone : +352 26 32 52 30<br>T\u00e9l\u00e9copieur : +352 26 32 52 53<br>Courrier \u00e9lectronique : info@equita-horsetrucks.com<\/p>\n\n\n\n<h2 class=\"wp-block-heading\">Num\u00e9ro d'identification de la taxe sur le chiffre d'affaires<\/h2>\n\n\n\n<p>Num\u00e9ro d'identification de la taxe sur le chiffre d'affaires conform\u00e9ment au \u00a7 27 a de la loi sur la taxe sur le chiffre d'affaires :<br>LU12931284<\/p>\n\n\n\n<h2 class=\"wp-block-heading\">R\u00e8glement des litiges de l'UE<\/h2>\n\n\n\n<p>La Commission europ\u00e9enne met \u00e0 disposition une plateforme de r\u00e8glement en ligne des litiges (RLL) : <a href=\"https:\/\/ec.europa.eu\/consumers\/odr\/\" target=\"_blank\" rel=\"noreferrer noopener\">https:\/\/ec.europa.eu\/consumers\/odr\/<\/a>.<br>Vous trouverez notre adresse e-mail en haut dans les mentions l\u00e9gales.<\/p>\n\n\n\n<h2 class=\"wp-block-heading\">R\u00e8glement des litiges de consommation\/organe universel de conciliation<\/h2>\n\n\n\n<p>Nous ne sommes pas pr\u00eats ou oblig\u00e9s de participer \u00e0 des proc\u00e9dures de r\u00e8glement des litiges devant un organisme de conciliation des consommateurs.<\/p>\n\n\n\n<h2 class=\"wp-block-heading\">Point de contact central en vertu du Digital Services Act - DSA (r\u00e8glement (UE) 2022\/265)<\/h2>\n\n\n\n<p>Vous pouvez joindre notre point de contact central pour les utilisateurs et les autorit\u00e9s conform\u00e9ment aux articles 11 et 12 de la DSA comme suit :<\/p>\n\n\n\n<p>Courrier \u00e9lectronique : info@equita-horsetrucks.com<br>T\u00e9l\u00e9phone : (+352) 26 32 52-1<\/p>\n\n\n\n<p>Autres moyens de contact :<br>Par courrier \u00e0 :<br>ICP Mersch<br>ZA Mierscherbierg<br>L-7526 Mersch<\/p>\n\n\n\n<p>Les langues disponibles pour le contact sont : Allemand, anglais et.<\/p>","protected":false},"excerpt":{"rendered":"<p>equita-horsetrucks.com une offre de : Inter Central Pneu SARL6 Um MierscherbiergL-7526 Mersch Registre du commerce : B95719Tribunal d'enregistrement : [nom du tribunal d'enregistrement] Repr\u00e9sent\u00e9 par:Lanners Eric Contact T\u00e9l\u00e9phone : +352 26 32 52 30T\u00e9l\u00e9fax :<span class=\"excerpt-hellip\"> [...]<\/span><\/p>","protected":false},"author":1,"featured_media":0,"parent":0,"menu_order":0,"comment_status":"closed","ping_status":"closed","template":"","meta":{"footnotes":""},"class_list":["post-2826","page","type-page","status-publish","hentry"],"_links":{"self":[{"href":"https:\/\/equita-horsetrucks.com\/fr\/wp-json\/wp\/v2\/pages\/2826","targetHints":{"allow":["GET"]}}],"collection":[{"href":"https:\/\/equita-horsetrucks.com\/fr\/wp-json\/wp\/v2\/pages"}],"about":[{"href":"https:\/\/equita-horsetrucks.com\/fr\/wp-json\/wp\/v2\/types\/page"}],"author":[{"embeddable":true,"href":"https:\/\/equita-horsetrucks.com\/fr\/wp-json\/wp\/v2\/users\/1"}],"replies":[{"embeddable":true,"href":"https:\/\/equita-horsetrucks.com\/fr\/wp-json\/wp\/v2\/comments?post=2826"}],"version-history":[{"count":4,"href":"https:\/\/equita-horsetrucks.com\/fr\/wp-json\/wp\/v2\/pages\/2826\/revisions"}],"predecessor-version":[{"id":2832,"href":"https:\/\/equita-horsetrucks.com\/fr\/wp-json\/wp\/v2\/pages\/2826\/revisions\/2832"}],"wp:attachment":[{"href":"https:\/\/equita-horsetrucks.com\/fr\/wp-json\/wp\/v2\/media?parent=2826"}],"curies":[{"name":"wp","href":"https:\/\/api.w.org\/{rel}","templated":true}]}}